{"id":7496,"date":"2024-12-19T11:22:23","date_gmt":"2024-12-19T11:22:23","guid":{"rendered":"https:\/\/fundacioncapital.org\/?page_id=7496"},"modified":"2025-10-01T18:12:17","modified_gmt":"2025-10-01T18:12:17","slug":"formulario-reporta-un-abuso","status":"publish","type":"page","link":"https:\/\/fundacioncapital.org\/eng\/formulario-reporta-un-abuso\/","title":{"rendered":"Formulario reporta un abuso"},"content":{"rendered":"\t\t<div data-elementor-type=\"wp-page\" data-elementor-id=\"7496\" class=\"elementor elementor-7496\" data-elementor-post-type=\"page\">\n\t\t\t\t<div class=\"elementor-element elementor-element-326076d e-flex e-con-boxed e-con e-parent\" data-id=\"326076d\" data-element_type=\"container\" data-e-type=\"container\" data-settings=\"{&quot;background_background&quot;:&quot;classic&quot;,&quot;jet_parallax_layout_list&quot;:[]}\">\n\t\t\t\t\t<div class=\"e-con-inner\">\n\t\t\t\t<div class=\"elementor-element elementor-element-20b7d66 elementor-widget__width-initial elementor-widget elementor-widget-heading\" data-id=\"20b7d66\" data-element_type=\"widget\" data-e-type=\"widget\" data-widget_type=\"heading.default\">\n\t\t\t\t<div class=\"elementor-widget-container\">\n\t\t\t\t\t<h2 class=\"elementor-heading-title elementor-size-default\">Formulario reporta un abuso<\/h2>\t\t\t\t<\/div>\n\t\t\t\t<\/div>\n\t\t\t\t\t<\/div>\n\t\t\t\t<\/div>\n\t\t<div class=\"elementor-element elementor-element-540a412 e-flex e-con-boxed e-con e-parent\" data-id=\"540a412\" data-element_type=\"container\" data-e-type=\"container\" data-settings=\"{&quot;jet_parallax_layout_list&quot;:[],&quot;background_background&quot;:&quot;classic&quot;}\">\n\t\t\t\t\t<div class=\"e-con-inner\">\n\t\t<div class=\"elementor-element elementor-element-905425c e-con-full e-flex e-con e-child\" data-id=\"905425c\" data-element_type=\"container\" data-e-type=\"container\" data-settings=\"{&quot;jet_parallax_layout_list&quot;:[]}\">\n\t\t\t\t<div class=\"elementor-element elementor-element-8f1d989 elementor-widget__width-initial elementor-widget elementor-widget-heading\" data-id=\"8f1d989\" data-element_type=\"widget\" data-e-type=\"widget\" data-widget_type=\"heading.default\">\n\t\t\t\t<div class=\"elementor-widget-container\">\n\t\t\t\t\t<h2 class=\"elementor-heading-title elementor-size-default\">Todas las personas merecen el mismo trato, sin excepci\u00f3n\n<\/h2>\t\t\t\t<\/div>\n\t\t\t\t<\/div>\n\t\t\t\t<div class=\"elementor-element elementor-element-9a966b0 elementor-hidden-mobile elementor-widget__width-initial elementor-widget elementor-widget-image\" data-id=\"9a966b0\" data-element_type=\"widget\" data-e-type=\"widget\" data-widget_type=\"image.default\">\n\t\t\t\t<div class=\"elementor-widget-container\">\n\t\t\t\t\t\t\t\t\t\t\t\t\t\t\t<img decoding=\"async\" width=\"228\" height=\"44\" src=\"https:\/\/fundacioncapital.org\/wp-content\/uploads\/2024\/09\/vector.png\" class=\"attachment-large size-large wp-image-4002\" alt=\"\" \/>\t\t\t\t\t\t\t\t\t\t\t\t\t\t\t<\/div>\n\t\t\t\t<\/div>\n\t\t\t\t<\/div>\n\t\t<div class=\"elementor-element elementor-element-03766c2 e-con-full e-flex e-con e-child\" data-id=\"03766c2\" data-element_type=\"container\" data-e-type=\"container\" data-settings=\"{&quot;jet_parallax_layout_list&quot;:[]}\">\n\t\t\t\t<div class=\"elementor-element elementor-element-237dff7 elementor-widget elementor-widget-heading\" data-id=\"237dff7\" data-element_type=\"widget\" data-e-type=\"widget\" data-widget_type=\"heading.default\">\n\t\t\t\t<div class=\"elementor-widget-container\">\n\t\t\t\t\t<h2 class=\"elementor-heading-title elementor-size-default\">FORMATO DE PRIMER CONTACTO EN CASOS DE SUPUESTA VIOLACI\u00d3N AL C\u00d3DIGO DE \u00c9TICA<\/h2>\t\t\t\t<\/div>\n\t\t\t\t<\/div>\n\t\t\t\t<div class=\"elementor-element elementor-element-3e6b083 elementor-widget elementor-widget-text-editor\" data-id=\"3e6b083\" data-element_type=\"widget\" data-e-type=\"widget\" data-widget_type=\"text-editor.default\">\n\t\t\t\t<div class=\"elementor-widget-container\">\n\t\t\t\t\t\t\t\t\t<p>Es importante se\u00f1alar que su nombre y datos personales tendr\u00e1n el car\u00e1cter de informaci\u00f3n confidencial para evitar que se agrave su condici\u00f3n o se exponga a sufrir un da\u00f1o adicional por este tipo de conductas. De igual forma, ser\u00e1 informaci\u00f3n confidencial, el nombre del sujeto sobre quien recae la presunta acusaci\u00f3n, en tanto no se emita una conciliaci\u00f3n o acci\u00f3n por parte del comit\u00e9, respetando y garantizando el cumplimento del principio de presunci\u00f3n de inocencia.<\/p>\t\t\t\t\t\t\t\t<\/div>\n\t\t\t\t<\/div>\n\t\t\t\t<div class=\"elementor-element elementor-element-3e93944 elementor-widget elementor-widget-text-editor\" data-id=\"3e93944\" data-element_type=\"widget\" data-e-type=\"widget\" data-widget_type=\"text-editor.default\">\n\t\t\t\t<div class=\"elementor-widget-container\">\n\t\t\t\t\t\t\t\t\t<p>Puedes consultar nuestro c\u00f3digo aqu\u00ed:\u00a0<\/p>\t\t\t\t\t\t\t\t<\/div>\n\t\t\t\t<\/div>\n\t\t\t\t<div class=\"elementor-element elementor-element-35398a6 elementor-widget elementor-widget-text-editor\" data-id=\"35398a6\" data-element_type=\"widget\" data-e-type=\"widget\" data-widget_type=\"text-editor.default\">\n\t\t\t\t<div class=\"elementor-widget-container\">\n\t\t\t\t\t\t\t\t\t<p>C\u00f3digo de \u00c9tica Fundaci\u00f3n Capital<\/p>\t\t\t\t\t\t\t\t<\/div>\n\t\t\t\t<\/div>\n\t\t\t\t<\/div>\n\t\t<div class=\"elementor-element elementor-element-3ac0ac6 e-con-full e-flex e-con e-child\" data-id=\"3ac0ac6\" data-element_type=\"container\" data-e-type=\"container\" data-settings=\"{&quot;background_background&quot;:&quot;classic&quot;,&quot;jet_parallax_layout_list&quot;:[]}\">\n\t\t\t\t<div class=\"elementor-element elementor-element-a043ab5 elementor-widget__width-initial elementor-button-align-stretch elementor-widget elementor-widget-form\" data-id=\"a043ab5\" data-element_type=\"widget\" data-e-type=\"widget\" data-settings=\"{&quot;step_next_label&quot;:&quot;Siguiente&quot;,&quot;step_previous_label&quot;:&quot;Anterior&quot;,&quot;button_width&quot;:&quot;100&quot;,&quot;step_type&quot;:&quot;number_text&quot;,&quot;step_icon_shape&quot;:&quot;circle&quot;}\" data-widget_type=\"form.default\">\n\t\t\t\t<div class=\"elementor-widget-container\">\n\t\t\t\t\t\t\t<form class=\"elementor-form\" method=\"post\" name=\"Nuevo formulario\" aria-label=\"Nuevo formulario\">\n\t\t\t<input type=\"hidden\" name=\"post_id\" value=\"7496\"\/>\n\t\t\t<input type=\"hidden\" name=\"form_id\" value=\"a043ab5\"\/>\n\t\t\t<input type=\"hidden\" name=\"referer_title\" value=\"\" \/>\n\n\t\t\t\n\t\t\t<div class=\"elementor-form-fields-wrapper elementor-labels-above\">\n\t\t\t\t\t\t\t\t<div class=\"elementor-field-type-select elementor-field-group elementor-column elementor-field-group-name elementor-col-100 elementor-field-required elementor-mark-required\">\n\t\t\t\t\t\t\t\t\t\t\t\t<label for=\"form-field-name\" class=\"elementor-field-label\">\n\t\t\t\t\t\t\t\tSelecciona el motivo de tu alerta ante el Comit\u00e9 de \u00c9tica:\t\t\t\t\t\t\t<\/label>\n\t\t\t\t\t\t\t\t<div class=\"elementor-field elementor-select-wrapper remove-before \">\n\t\t\t<div class=\"select-caret-down-wrapper\">\n\t\t\t\t<svg aria-hidden=\"true\" class=\"e-font-icon-svg e-eicon-caret-down\" viewBox=\"0 0 571.4 571.4\" xmlns=\"http:\/\/www.w3.org\/2000\/svg\"><path d=\"M571 393Q571 407 561 418L311 668Q300 679 286 679T261 668L11 418Q0 407 0 393T11 368 36 357H536Q550 357 561 368T571 393Z\"><\/path><\/svg>\t\t\t<\/div>\n\t\t\t<select name=\"form_fields[name]\" id=\"form-field-name\" class=\"elementor-field-textual elementor-size-md\" required=\"required\">\n\t\t\t\t\t\t\t\t\t<option value=\"\">Seleccionar una opci\u00f3n<\/option>\n\t\t\t\t\t\t\t\t\t<option value=\"Acoso \/ Hositgamiento Laboral\">Acoso \/ Hositgamiento Laboral<\/option>\n\t\t\t\t\t\t\t<\/select>\n\t\t<\/div>\n\t\t\t\t\t\t<\/div>\n\t\t\t\t\t\t\t\t<div class=\"elementor-field-type-html elementor-field-group elementor-column elementor-field-group-field_46769c2 elementor-col-100\">\n\t\t\t\t\t<p> *Ingresa tus datos personales:<\/p>\t\t\t\t<\/div>\n\t\t\t\t\t\t\t\t<div class=\"elementor-field-type-text elementor-field-group elementor-column elementor-field-group-field_f4c7744 elementor-col-100 elementor-field-required elementor-mark-required\">\n\t\t\t\t\t\t\t\t\t\t\t\t<label for=\"form-field-field_f4c7744\" class=\"elementor-field-label\">\n\t\t\t\t\t\t\t\tNombre completo:\t\t\t\t\t\t\t<\/label>\n\t\t\t\t\t\t\t\t\t\t\t\t\t\t<input size=\"1\" type=\"text\" name=\"form_fields[field_f4c7744]\" id=\"form-field-field_f4c7744\" class=\"elementor-field elementor-size-md  elementor-field-textual\" required=\"required\">\n\t\t\t\t\t\t\t\t\t\t\t<\/div>\n\t\t\t\t\t\t\t\t<div class=\"elementor-field-type-tel elementor-field-group elementor-column elementor-field-group-field_4d2a26f elementor-col-100\">\n\t\t\t\t\t\t\t\t\t\t\t\t<label for=\"form-field-field_4d2a26f\" class=\"elementor-field-label\">\n\t\t\t\t\t\t\t\tTel\u00e9fono:\t\t\t\t\t\t\t<\/label>\n\t\t\t\t\t\t\t\t<input size=\"1\" type=\"tel\" name=\"form_fields[field_4d2a26f]\" id=\"form-field-field_4d2a26f\" class=\"elementor-field elementor-size-md  elementor-field-textual\" pattern=\"[0-9()#&amp;+*-=.]+\" title=\"Solo se aceptan n\u00fameros y caracteres de tel\u00e9fono (#,-,*,etc).\">\n\n\t\t\t\t\t\t<\/div>\n\t\t\t\t\t\t\t\t<div class=\"elementor-field-type-text elementor-field-group elementor-column elementor-field-group-field_756bef4 elementor-col-100\">\n\t\t\t\t\t\t\t\t\t\t\t\t<label for=\"form-field-field_756bef4\" class=\"elementor-field-label\">\n\t\t\t\t\t\t\t\t\u00c1rea:\t\t\t\t\t\t\t<\/label>\n\t\t\t\t\t\t\t\t\t\t\t\t\t\t<input size=\"1\" type=\"text\" name=\"form_fields[field_756bef4]\" id=\"form-field-field_756bef4\" class=\"elementor-field elementor-size-md  elementor-field-textual\">\n\t\t\t\t\t\t\t\t\t\t\t<\/div>\n\t\t\t\t\t\t\t\t<div class=\"elementor-field-type-text elementor-field-group elementor-column elementor-field-group-field_4396ad1 elementor-col-100\">\n\t\t\t\t\t\t\t\t\t\t\t\t<label for=\"form-field-field_4396ad1\" class=\"elementor-field-label\">\n\t\t\t\t\t\t\t\tPuesto:\t\t\t\t\t\t\t<\/label>\n\t\t\t\t\t\t\t\t\t\t\t\t\t\t<input size=\"1\" type=\"text\" name=\"form_fields[field_4396ad1]\" id=\"form-field-field_4396ad1\" class=\"elementor-field elementor-size-md  elementor-field-textual\">\n\t\t\t\t\t\t\t\t\t\t\t<\/div>\n\t\t\t\t\t\t\t\t<div class=\"elementor-field-type-html elementor-field-group elementor-column elementor-field-group-field_b73e688 elementor-col-100\">\n\t\t\t\t\t<p> * \u00bfQui\u00e9n est\u00e1 enfrentando la situaci\u00f3n?<\/p>\t\t\t\t<\/div>\n\t\t\t\t\t\t\t\t<div class=\"elementor-field-type-radio elementor-field-group elementor-column elementor-field-group-field_b620bb7 elementor-col-100 elementor-field-required elementor-mark-required\">\n\t\t\t\t\t\t\t\t\t\t\t\t<label for=\"form-field-field_b620bb7\" class=\"elementor-field-label\">\n\t\t\t\t\t\t\t\tSelecciona el motivo de tu alerta ante el Comit\u00e9 de \u00c9tica:\t\t\t\t\t\t\t<\/label>\n\t\t\t\t\t\t<div class=\"elementor-field-subgroup  elementor-subgroup-inline\"><span class=\"elementor-field-option\"><input type=\"radio\" value=\"Yo\" id=\"form-field-field_b620bb7-0\" name=\"form_fields[field_b620bb7]\" required=\"required\"> <label for=\"form-field-field_b620bb7-0\">Yo<\/label><\/span><span class=\"elementor-field-option\"><input type=\"radio\" value=\"Otra persona\" id=\"form-field-field_b620bb7-1\" name=\"form_fields[field_b620bb7]\" required=\"required\"> <label for=\"form-field-field_b620bb7-1\">Otra persona<\/label><\/span><\/div>\t\t\t\t<\/div>\n\t\t\t\t\t\t\t\t<div class=\"elementor-field-type-text elementor-field-group elementor-column elementor-field-group-field_36c95f3 elementor-col-100 elementor-field-required elementor-mark-required\">\n\t\t\t\t\t\t\t\t\t\t\t\t<label for=\"form-field-field_36c95f3\" class=\"elementor-field-label\">\n\t\t\t\t\t\t\t\tPa\u00eds\t\t\t\t\t\t\t<\/label>\n\t\t\t\t\t\t\t\t\t\t\t\t\t\t<input size=\"1\" type=\"text\" name=\"form_fields[field_36c95f3]\" id=\"form-field-field_36c95f3\" class=\"elementor-field elementor-size-md  elementor-field-textual\" placeholder=\"Selecciona tu pa\u00eds\" required=\"required\">\n\t\t\t\t\t\t\t\t\t\t\t<\/div>\n\t\t\t\t\t\t\t\t<div class=\"elementor-field-type-textarea elementor-field-group elementor-column elementor-field-group-field_ab731ce elementor-col-100 elementor-field-required elementor-mark-required\">\n\t\t\t\t\t\t\t\t\t\t\t\t<label for=\"form-field-field_ab731ce\" class=\"elementor-field-label\">\n\t\t\t\t\t\t\t\tDescribe tu vinculaci\u00f3n o los motivos por los cuales trataste con la(s) persona(s) presunta(s) que incumplieron con el c\u00f3digo de \u00e9tica.\t\t\t\t\t\t\t<\/label>\n\t\t\t\t\t\t<textarea class=\"elementor-field-textual elementor-field  elementor-size-md\" name=\"form_fields[field_ab731ce]\" id=\"form-field-field_ab731ce\" rows=\"4\" placeholder=\"Cuentanos sobre tu caso...\" required=\"required\"><\/textarea>\t\t\t\t<\/div>\n\t\t\t\t\t\t\t\t<div class=\"elementor-field-type-textarea elementor-field-group elementor-column elementor-field-group-field_84e8b58 elementor-col-100 elementor-field-required elementor-mark-required\">\n\t\t\t\t\t\t\t\t\t\t\t\t<label for=\"form-field-field_84e8b58\" class=\"elementor-field-label\">\n\t\t\t\t\t\t\t\tNarre todo lo relacionado con los hechos ocurridos del presunto incumplimiento al c\u00f3digo de \u00e9tica. Describe lo m\u00e1s claro posible:\t\t\t\t\t\t\t<\/label>\n\t\t\t\t\t\t<textarea class=\"elementor-field-textual elementor-field  elementor-size-md\" name=\"form_fields[field_84e8b58]\" id=\"form-field-field_84e8b58\" rows=\"4\" placeholder=\"el lugar, el tiempo (\u00bfcu\u00e1ndo?), personas involucradas\u00a0, el modo (\u00bfc\u00f3mo?): tipo de conducta(s)\" required=\"required\"><\/textarea>\t\t\t\t<\/div>\n\t\t\t\t\t\t\t\t<div class=\"elementor-field-type-radio elementor-field-group elementor-column elementor-field-group-field_5b3dea4 elementor-col-100 elementor-field-required elementor-mark-required\">\n\t\t\t\t\t\t\t\t\t\t\t\t<label for=\"form-field-field_5b3dea4\" class=\"elementor-field-label\">\n\t\t\t\t\t\t\t\tEs importante aclarar que si cuentas con videos, fotograf\u00edas o grabaciones, se hace indispensable que \u00e9stos cuenten con la autorizaci\u00f3n de la persona a la que se est\u00e1 grabando, de no tenerlas, te agradecemos abstenerse de enviar este tipo de pruebas.\t\t\t\t\t\t\t<\/label>\n\t\t\t\t\t\t<div class=\"elementor-field-subgroup  elementor-subgroup-inline\"><span class=\"elementor-field-option\"><input type=\"radio\" value=\"Si\" id=\"form-field-field_5b3dea4-0\" name=\"form_fields[field_5b3dea4]\" required=\"required\"> <label for=\"form-field-field_5b3dea4-0\">Si<\/label><\/span><span class=\"elementor-field-option\"><input type=\"radio\" value=\"No\" id=\"form-field-field_5b3dea4-1\" name=\"form_fields[field_5b3dea4]\" required=\"required\"> <label for=\"form-field-field_5b3dea4-1\">No<\/label><\/span><\/div>\t\t\t\t<\/div>\n\t\t\t\t\t\t\t\t<div class=\"elementor-field-type-checkbox elementor-field-group elementor-column elementor-field-group-field_4c68693 elementor-col-100\">\n\t\t\t\t\t<div class=\"elementor-field-subgroup  \"><span class=\"elementor-field-option\"><input type=\"checkbox\" value=\"Acepto los t\u00e9rminos pol\u00edtica de privacidad\" id=\"form-field-field_4c68693-0\" name=\"form_fields[field_4c68693]\"> <label for=\"form-field-field_4c68693-0\">Acepto los t\u00e9rminos pol\u00edtica de privacidad<\/label><\/span><\/div>\t\t\t\t<\/div>\n\t\t\t\t\t\t\t\t<div class=\"elementor-field-group elementor-column elementor-field-type-submit elementor-col-100 e-form__buttons\">\n\t\t\t\t\t<button class=\"elementor-button elementor-size-md\" type=\"submit\">\n\t\t\t\t\t\t<span class=\"elementor-button-content-wrapper\">\n\t\t\t\t\t\t\t\t\t\t\t\t\t\t\t\t\t\t\t\t\t\t<span class=\"elementor-button-text\">Enviar<\/span>\n\t\t\t\t\t\t\t\t\t\t\t\t\t<\/span>\n\t\t\t\t\t<\/button>\n\t\t\t\t<\/div>\n\t\t\t<\/div>\n\t\t<\/form>\n\t\t\t\t\t\t<\/div>\n\t\t\t\t<\/div>\n\t\t\t\t<\/div>\n\t\t\t\t\t<\/div>\n\t\t\t\t<\/div>\n\t\t\t\t<\/div>\n\t\t","protected":false},"excerpt":{"rendered":"<p>Formulario reporta un abuso Todas las personas merecen el mismo trato, sin excepci\u00f3n FORMATO DE PRIMER CONTACTO EN CASOS DE SUPUESTA VIOLACI\u00d3N AL C\u00d3DIGO DE \u00c9TICA Es importante se\u00f1alar que su nombre y datos personales tendr\u00e1n el car\u00e1cter de informaci\u00f3n confidencial para evitar que se agrave su condici\u00f3n o se exponga a sufrir un da\u00f1o [&hellip;]<\/p>\n","protected":false},"author":1,"featured_media":0,"parent":0,"menu_order":0,"comment_status":"closed","ping_status":"closed","template":"","meta":{"footnotes":""},"class_list":["post-7496","page","type-page","status-publish","hentry"],"_links":{"self":[{"href":"https:\/\/fundacioncapital.org\/eng\/wp-json\/wp\/v2\/pages\/7496","targetHints":{"allow":["GET"]}}],"collection":[{"href":"https:\/\/fundacioncapital.org\/eng\/wp-json\/wp\/v2\/pages"}],"about":[{"href":"https:\/\/fundacioncapital.org\/eng\/wp-json\/wp\/v2\/types\/page"}],"author":[{"embeddable":true,"href":"https:\/\/fundacioncapital.org\/eng\/wp-json\/wp\/v2\/users\/1"}],"replies":[{"embeddable":true,"href":"https:\/\/fundacioncapital.org\/eng\/wp-json\/wp\/v2\/comments?post=7496"}],"version-history":[{"count":10,"href":"https:\/\/fundacioncapital.org\/eng\/wp-json\/wp\/v2\/pages\/7496\/revisions"}],"predecessor-version":[{"id":7540,"href":"https:\/\/fundacioncapital.org\/eng\/wp-json\/wp\/v2\/pages\/7496\/revisions\/7540"}],"wp:attachment":[{"href":"https:\/\/fundacioncapital.org\/eng\/wp-json\/wp\/v2\/media?parent=7496"}],"curies":[{"name":"wp","href":"https:\/\/api.w.org\/{rel}","templated":true}]}}